{"id":110,"date":"2024-02-09T08:57:29","date_gmt":"2024-02-09T08:57:29","guid":{"rendered":"https:\/\/slimbouwen.be\/fr\/?page_id=110"},"modified":"2024-03-01T10:10:24","modified_gmt":"2024-03-01T10:10:24","slug":"methode","status":"publish","type":"page","link":"https:\/\/slimbouwen.be\/fr\/methode\/","title":{"rendered":"m\u00e9thode"},"content":{"rendered":"\t<section class=\"section\" id=\"section_890406828\">\n\t\t<div class=\"bg section-bg fill bg-fill  \" >\n\n\t\t\t\n\t\t\t<div class=\"section-bg-overlay absolute fill\"><\/div>\n\t\t\t\n\t<div class=\"is-border\"\n\t\tstyle=\"border-color:rgb(255, 255, 255);border-width:0px 0px 120px 0px;\">\n\t<\/div>\n\n\t\t<\/div>\n\n\t\t\n\n\t\t<div class=\"section-content relative\">\n\t\t\t\n<div class=\"row\"  id=\"row-1061899699\">\n\n\t<div id=\"col-1074299417\" class=\"col medium-7 small-12 large-7\"  >\n\t\t\t\t<div class=\"col-inner\"  >\n\t\t\t\n\t\t\t\n\t<div id=\"text-2161458066\" class=\"text\">\n\t\t\n<h1><span style=\"font-size: 180%;\"><strong>Construction \u00e0 ossature bois<\/strong><\/span><\/h1>\n\t\t\n<style>\n#text-2161458066 {\n  font-size: 0.8rem;\n  color: rgb(255, 255, 255);\n}\n#text-2161458066 > * {\n  color: rgb(255, 255, 255);\n}\n<\/style>\n\t<\/div>\n\t\n<div class=\"is-divider divider clearfix\" style=\"max-width:130px;background-color:rgb(255, 146, 2);\"><\/div>\n\t\t<\/div>\n\t\t\t\t\t<\/div>\n\n\t\n\n<style>\n#row-1061899699 > .col > .col-inner {\n  padding: 50px 0px 0px 0px;\n}\n<\/style>\n<\/div>\n<div class=\"row\"  id=\"row-817181004\">\n\n\t<div id=\"col-1885797743\" class=\"col small-12 large-12\"  data-animate=\"bounceInLeft\">\n\t\t\t\t<div class=\"col-inner text-center\" style=\"background-color:rgb(255, 255, 255);\" >\n\t\t\t\n\t\t\t\n\t<div id=\"text-3297645173\" class=\"text\">\n\t\t\n<p><span style=\"font-size: 120%;\"><strong>La construction \u00e0 ossature bois est historiquement une m\u00e9thode de construction populaire caract\u00e9ris\u00e9e par une bonne isolation, durable et neutre en CO2. Gr\u00e2ce \u00e0 la construction pr\u00e9fabriqu\u00e9e, cette m\u00e9thode de construction est tr\u00e8s adapt\u00e9e aux maisons modulaires et circulaires.<\/strong><\/span><\/p>\n\t\t\n<style>\n#text-3297645173 {\n  color: #012f6d;\n}\n#text-3297645173 > * {\n  color: #012f6d;\n}\n<\/style>\n\t<\/div>\n\t\n<a href=\"https:\/\/slimbouwen.be\/fr\/wp-content\/uploads\/2024\/03\/FR-slimbouwen.be-brochure.pdf\" target=\"_blank\" class=\"button primary lowercase\" rel=\"noopener\"  style=\"border-radius:10px;\">\n    <span>Voir la brochure<\/span>\n  <i class=\"icon-angle-right\" aria-hidden=\"true\" ><\/i><\/a>\n\n\t\t<\/div>\n\t\t\t\t\n<style>\n#col-1885797743 > .col-inner {\n  padding: 28px 50px 0px 50px;\n}\n<\/style>\n\t<\/div>\n\n\t\n<\/div>\n\t\t<\/div>\n\n\t\t\n<style>\n#section_890406828 {\n  padding-top: 0px;\n  padding-bottom: 0px;\n}\n#section_890406828 .section-bg-overlay {\n  background-color: rgba(0,0,0,.5);\n}\n#section_890406828 .section-bg.bg-loaded {\n  background-image: url(https:\/\/slimbouwen.be\/fr\/wp-content\/uploads\/2024\/02\/334424343_592872769063179_7098882374037210310_n-1.jpg);\n}\n#section_890406828 .section-bg {\n  background-position: 40% 51%;\n}\n<\/style>\n\t<\/section>\n\t\n\t<section class=\"section\" id=\"section_1771713035\">\n\t\t<div class=\"bg section-bg fill bg-fill  bg-loaded\" >\n\n\t\t\t\n\t\t\t\n\t\t\t\n\n\t\t<\/div>\n\n\t\t\n\n\t\t<div class=\"section-content relative\">\n\t\t\t\n<div class=\"row\"  id=\"row-987835310\">\n\n\t<div id=\"col-1318955323\" class=\"col medium-6 small-12 large-6\"  >\n\t\t\t\t<div class=\"col-inner\" style=\"background-color:#002f6d;\" >\n\t\t\t\n\t\t\t\n\t<div class=\"img has-hover x md-x lg-x y md-y lg-y\" id=\"image_2101730054\">\n\t\t\t\t\t\t\t\t<div class=\"img-inner image-cover dark\" style=\"padding-top:56.25%;\">\n\t\t\t<img loading=\"lazy\" decoding=\"async\" width=\"768\" height=\"1024\" src=\"https:\/\/slimbouwen.be\/fr\/wp-content\/uploads\/2024\/02\/334435379_908140310223788_8500085245834920208_n-2-768x1024.jpg\" class=\"attachment-large size-large\" alt=\"\" srcset=\"https:\/\/slimbouwen.be\/fr\/wp-content\/uploads\/2024\/02\/334435379_908140310223788_8500085245834920208_n-2-768x1024.jpg 768w, https:\/\/slimbouwen.be\/fr\/wp-content\/uploads\/2024\/02\/334435379_908140310223788_8500085245834920208_n-2-225x300.jpg 225w, https:\/\/slimbouwen.be\/fr\/wp-content\/uploads\/2024\/02\/334435379_908140310223788_8500085245834920208_n-2.jpg 1080w\" sizes=\"auto, (max-width: 768px) 100vw, 768px\" \/>\t\t\t\t\t\t\n\t\t\t\t\t<\/div>\n\t\t\t\t\t\t\t\t\n<style>\n#image_2101730054 {\n  width: 100%;\n}\n<\/style>\n\t<\/div>\n\t\n\t\t<\/div>\n\t\t\t\t\t<\/div>\n\n\t\n\n\t<div id=\"col-141040799\" class=\"col medium-6 small-12 large-6\"  >\n\t\t\t\t<div class=\"col-inner text-left\"  >\n\t\t\t\n\t\t\t\n\t<div id=\"text-2868048696\" class=\"text\">\n\t\t\n<h1 style=\"text-align: left;\"><span style=\"font-size: 180%;\"><strong>Avantages<\/strong><\/span><\/h1>\n\t\t\n<style>\n#text-2868048696 {\n  line-height: 0.75;\n  text-align: center;\n  color: #002f6d;\n}\n#text-2868048696 > * {\n  color: #002f6d;\n}\n<\/style>\n\t<\/div>\n\t\n<div class=\"text-center\"><div class=\"is-divider divider clearfix\" style=\"margin-top:5px;margin-bottom:5px;max-width:80px;background-color:rgb(255, 146, 2);\"><\/div><\/div>\n\t<div id=\"text-2188594677\" class=\"text\">\n\t\t\n<p style=\"text-align: left;\">Avec la construction \u00e0 ossature bois, vous pouvez construire de mani\u00e8re efficace et rapide sur le plan \u00e9nerg\u00e9tique. De plus, il est \u00e9cologique et vous pouvez jouer de mani\u00e8re cr\u00e9ative avec la finition (lames de pierre, plastique, bois&#8230;) et le design. Vous pouvez aller dans n\u2019importe quelle direction avec du bois. L&#8217;utilisation du bois assure une bonne acoustique et la maison dispose d&#8217;une agr\u00e9able r\u00e9gulation de l&#8217;humidit\u00e9. Le bois peut retenir et lib\u00e9rer l\u2019humidit\u00e9.<\/p>\n\t\t\n<style>\n#text-2188594677 {\n  line-height: 1.8;\n  text-align: center;\n  color: #002f6d;\n}\n#text-2188594677 > * {\n  color: #002f6d;\n}\n<\/style>\n\t<\/div>\n\t\n\t\t<\/div>\n\t\t\t\t\t<\/div>\n\n\t\n<\/div>\n\t\t<\/div>\n\n\t\t\n<style>\n#section_1771713035 {\n  padding-top: 50px;\n  padding-bottom: 50px;\n}\n<\/style>\n\t<\/section>\n\t\n\t<section class=\"section\" id=\"section_1553785438\">\n\t\t<div class=\"bg section-bg fill bg-fill  bg-loaded\" >\n\n\t\t\t\n\t\t\t\n\t\t\t\n\n\t\t<\/div>\n\n\t\t\n\n\t\t<div class=\"section-content relative\">\n\t\t\t\n<div class=\"row\"  id=\"row-1856982565\">\n\n\t<div id=\"col-2030511276\" class=\"col medium-6 small-12 large-6\"  >\n\t\t\t\t<div class=\"col-inner text-right\"  >\n\t\t\t\n\t\t\t\n\t<div id=\"text-3449885128\" class=\"text\">\n\t\t\n<h1 style=\"text-align: right;\"><span style=\"font-size: 180%;\"><strong>M\u00e9thode de construction<\/strong><\/span><\/h1>\n\t\t\n<style>\n#text-3449885128 {\n  line-height: 0.75;\n  text-align: right;\n  color: #002f6d;\n}\n#text-3449885128 > * {\n  color: #002f6d;\n}\n<\/style>\n\t<\/div>\n\t\n<div class=\"text-center\"><div class=\"is-divider divider clearfix\" style=\"margin-top:5px;margin-bottom:5px;max-width:80px;background-color:rgb(255, 146, 2);\"><\/div><\/div>\n\t<div id=\"text-3844396669\" class=\"text\">\n\t\t\n<p style=\"text-align: right;\">Pendant la production, l&#8217;empreinte CO2 est tr\u00e8s faible. Le bois est tr\u00e8s isolant et neutre en CO2, ce qui rend le mat\u00e9riau et la maison durables. La charpente en bois est pr\u00e9fabriqu\u00e9e, permettant une construction modulaire et rapide de la maison. La pluie ou le gel ne ralentissent pas ce processus. Enfin, le bois peut facilement \u00eatre recycl\u00e9.<\/p>\n\t\t\n<style>\n#text-3844396669 {\n  line-height: 1.8;\n  text-align: right;\n  color: #002f6d;\n}\n#text-3844396669 > * {\n  color: #002f6d;\n}\n<\/style>\n\t<\/div>\n\t\n\t\t<\/div>\n\t\t\t\t\t<\/div>\n\n\t\n\n\t<div id=\"col-1530589353\" class=\"col medium-6 small-12 large-6\"  >\n\t\t\t\t<div class=\"col-inner\"  >\n\t\t\t\n\t\t\t\n\t<div class=\"img has-hover x md-x lg-x y md-y lg-y\" id=\"image_1172842564\">\n\t\t\t\t\t\t\t\t<div class=\"img-inner image-cover dark\" style=\"padding-top:56.25%;\">\n\t\t\t<img loading=\"lazy\" decoding=\"async\" width=\"1020\" height=\"624\" src=\"https:\/\/slimbouwen.be\/fr\/wp-content\/uploads\/2024\/02\/Scherm\u00adafbeelding-2024-02-08-om-13.08.59-1024x626.png\" class=\"attachment-large size-large\" alt=\"\" srcset=\"https:\/\/slimbouwen.be\/fr\/wp-content\/uploads\/2024\/02\/Scherm\u00adafbeelding-2024-02-08-om-13.08.59-1024x626.png 1024w, https:\/\/slimbouwen.be\/fr\/wp-content\/uploads\/2024\/02\/Scherm\u00adafbeelding-2024-02-08-om-13.08.59-300x183.png 300w, https:\/\/slimbouwen.be\/fr\/wp-content\/uploads\/2024\/02\/Scherm\u00adafbeelding-2024-02-08-om-13.08.59-768x469.png 768w, https:\/\/slimbouwen.be\/fr\/wp-content\/uploads\/2024\/02\/Scherm\u00adafbeelding-2024-02-08-om-13.08.59-1536x938.png 1536w, https:\/\/slimbouwen.be\/fr\/wp-content\/uploads\/2024\/02\/Scherm\u00adafbeelding-2024-02-08-om-13.08.59.png 1758w\" sizes=\"auto, (max-width: 1020px) 100vw, 1020px\" \/>\t\t\t\t\t\t\n\t\t\t\t\t<\/div>\n\t\t\t\t\t\t\t\t\n<style>\n#image_1172842564 {\n  width: 100%;\n}\n<\/style>\n\t<\/div>\n\t\n\t\t<\/div>\n\t\t\t\t\t<\/div>\n\n\t\n<\/div>\n\t\t<\/div>\n\n\t\t\n<style>\n#section_1553785438 {\n  padding-top: 50px;\n  padding-bottom: 50px;\n}\n<\/style>\n\t<\/section>\n\t\n\t<section class=\"section\" id=\"section_941034369\">\n\t\t<div class=\"bg section-bg fill bg-fill  bg-loaded\" >\n\n\t\t\t\n\t\t\t\n\t\t\t\n\n\t\t<\/div>\n\n\t\t\n\n\t\t<div class=\"section-content relative\">\n\t\t\t\n<div class=\"row\"  id=\"row-289638037\">\n\n\t<div id=\"col-932322210\" class=\"col small-12 large-12\"  >\n\t\t\t\t<div class=\"col-inner\"  >\n\t\t\t\n\t\t\t\n\t<div id=\"text-3855199071\" class=\"text\">\n\t\t\n<h2 style=\"text-align: center;\">Plus d&#8217;information?<\/h2>\n<p style=\"text-align: center;\">Veuillez remplir le formulaire et nous vous contacterons dans les plus brefs d\u00e9lais.<\/p>\n<p style=\"text-align: center;\">\u00a0<\/p>\n\t\t\n<style>\n#text-3855199071 {\n  color: rgb(0, 47, 109);\n}\n#text-3855199071 > * {\n  color: rgb(0, 47, 109);\n}\n<\/style>\n\t<\/div>\n\t\n\n<div class=\"wpcf7 no-js\" id=\"wpcf7-f256-o1\" lang=\"nl-NL\" dir=\"ltr\">\n<div class=\"screen-reader-response\"><p role=\"status\" aria-live=\"polite\" aria-atomic=\"true\"><\/p> <ul><\/ul><\/div>\n<form action=\"\/fr\/wp-json\/wp\/v2\/pages\/110#wpcf7-f256-o1\" method=\"post\" class=\"wpcf7-form init\" aria-label=\"Contactformulier\" novalidate=\"novalidate\" data-status=\"init\">\n<div style=\"display: none;\">\n<input type=\"hidden\" name=\"_wpcf7\" value=\"256\" \/>\n<input type=\"hidden\" name=\"_wpcf7_version\" value=\"5.9\" \/>\n<input type=\"hidden\" name=\"_wpcf7_locale\" value=\"nl_NL\" \/>\n<input type=\"hidden\" name=\"_wpcf7_unit_tag\" value=\"wpcf7-f256-o1\" \/>\n<input type=\"hidden\" name=\"_wpcf7_container_post\" value=\"0\" \/>\n<input type=\"hidden\" name=\"_wpcf7_posted_data_hash\" value=\"\" \/>\n<\/div>\n<p><label> Votre nom<br \/>\n<span class=\"wpcf7-form-control-wrap\" data-name=\"your-name\"><input size=\"40\" class=\"wpcf7-form-control wpcf7-text wpcf7-validates-as-required\" autocomplete=\"name\" aria-required=\"true\" aria-invalid=\"false\" value=\"\" type=\"text\" name=\"your-name\" \/><\/span> <\/label>\n<\/p>\n<p><label> Votre adresse e-mail<br \/>\n<span class=\"wpcf7-form-control-wrap\" data-name=\"your-email\"><input size=\"40\" class=\"wpcf7-form-control wpcf7-email wpcf7-validates-as-required wpcf7-text wpcf7-validates-as-email\" autocomplete=\"email\" aria-required=\"true\" aria-invalid=\"false\" value=\"\" type=\"email\" name=\"your-email\" \/><\/span> <\/label>\n<\/p>\n<p><label> Sujet<br \/>\n<span class=\"wpcf7-form-control-wrap\" data-name=\"your-subject\"><input size=\"40\" class=\"wpcf7-form-control wpcf7-text wpcf7-validates-as-required\" aria-required=\"true\" aria-invalid=\"false\" value=\"\" type=\"text\" name=\"your-subject\" \/><\/span> <\/label>\n<\/p>\n<p><label> Votre message<br \/>\n<span class=\"wpcf7-form-control-wrap\" data-name=\"your-message\"><textarea cols=\"40\" rows=\"10\" class=\"wpcf7-form-control wpcf7-textarea\" aria-invalid=\"false\" name=\"your-message\"><\/textarea><\/span> <\/label>\n<\/p>\n<p><input class=\"wpcf7-form-control wpcf7-submit has-spinner\" type=\"submit\" value=\"Exp\u00e9dier\" \/>\n<\/p><div class=\"wpcf7-response-output\" aria-hidden=\"true\"><\/div>\n<\/form>\n<\/div>\n\n\t\t<\/div>\n\t\t\t\t\t<\/div>\n\n\t\n<\/div>\n\t\t<\/div>\n\n\t\t\n<style>\n#section_941034369 {\n  padding-top: 30px;\n  padding-bottom: 30px;\n}\n<\/style>\n\t<\/section>\n\t\n","protected":false},"excerpt":{"rendered":"","protected":false},"author":2,"featured_media":0,"parent":0,"menu_order":0,"comment_status":"closed","ping_status":"closed","template":"","meta":{"footnotes":""},"class_list":["post-110","page","type-page","status-publish","hentry"],"yoast_head":"<!-- This site is optimized with the Yoast SEO plugin v22.0 - https:\/\/yoast.com\/wordpress\/plugins\/seo\/ -->\n<title>m\u00e9thode - Slimbouwen.be<\/title>\n<meta name=\"robots\" content=\"index, follow, max-snippet:-1, max-image-preview:large, max-video-preview:-1\" \/>\n<link rel=\"canonical\" href=\"https:\/\/slimbouwen.be\/fr\/methode\/\" \/>\n<meta property=\"og:locale\" content=\"nl_NL\" \/>\n<meta property=\"og:type\" content=\"article\" \/>\n<meta property=\"og:title\" content=\"m\u00e9thode - Slimbouwen.be\" \/>\n<meta property=\"og:url\" content=\"https:\/\/slimbouwen.be\/fr\/methode\/\" \/>\n<meta property=\"og:site_name\" content=\"Slimbouwen.be\" \/>\n<meta property=\"article:modified_time\" content=\"2024-03-01T10:10:24+00:00\" \/>\n<meta name=\"twitter:card\" content=\"summary_large_image\" \/>\n<meta name=\"twitter:label1\" content=\"Geschatte leestijd\" \/>\n\t<meta name=\"twitter:data1\" content=\"2 minuten\" \/>\n<script type=\"application\/ld+json\" class=\"yoast-schema-graph\">{\"@context\":\"https:\/\/schema.org\",\"@graph\":[{\"@type\":\"WebPage\",\"@id\":\"https:\/\/slimbouwen.be\/fr\/methode\/\",\"url\":\"https:\/\/slimbouwen.be\/fr\/methode\/\",\"name\":\"m\u00e9thode - Slimbouwen.be\",\"isPartOf\":{\"@id\":\"https:\/\/slimbouwen.be\/fr\/#website\"},\"datePublished\":\"2024-02-09T08:57:29+00:00\",\"dateModified\":\"2024-03-01T10:10:24+00:00\",\"breadcrumb\":{\"@id\":\"https:\/\/slimbouwen.be\/fr\/methode\/#breadcrumb\"},\"inLanguage\":\"nl-NL\",\"potentialAction\":[{\"@type\":\"ReadAction\",\"target\":[\"https:\/\/slimbouwen.be\/fr\/methode\/\"]}]},{\"@type\":\"BreadcrumbList\",\"@id\":\"https:\/\/slimbouwen.be\/fr\/methode\/#breadcrumb\",\"itemListElement\":[{\"@type\":\"ListItem\",\"position\":1,\"name\":\"Home\",\"item\":\"https:\/\/slimbouwen.be\/fr\/\"},{\"@type\":\"ListItem\",\"position\":2,\"name\":\"m\u00e9thode\"}]},{\"@type\":\"WebSite\",\"@id\":\"https:\/\/slimbouwen.be\/fr\/#website\",\"url\":\"https:\/\/slimbouwen.be\/fr\/\",\"name\":\"Slimbouwen.be\",\"description\":\"Uw energiezuinige woning!\",\"potentialAction\":[{\"@type\":\"SearchAction\",\"target\":{\"@type\":\"EntryPoint\",\"urlTemplate\":\"https:\/\/slimbouwen.be\/fr\/?s={search_term_string}\"},\"query-input\":\"required name=search_term_string\"}],\"inLanguage\":\"nl-NL\"}]}<\/script>\n<!-- \/ Yoast SEO plugin. -->","yoast_head_json":{"title":"m\u00e9thode - Slimbouwen.be","robots":{"index":"index","follow":"follow","max-snippet":"max-snippet:-1","max-image-preview":"max-image-preview:large","max-video-preview":"max-video-preview:-1"},"canonical":"https:\/\/slimbouwen.be\/fr\/methode\/","og_locale":"nl_NL","og_type":"article","og_title":"m\u00e9thode - Slimbouwen.be","og_url":"https:\/\/slimbouwen.be\/fr\/methode\/","og_site_name":"Slimbouwen.be","article_modified_time":"2024-03-01T10:10:24+00:00","twitter_card":"summary_large_image","twitter_misc":{"Geschatte leestijd":"2 minuten"},"schema":{"@context":"https:\/\/schema.org","@graph":[{"@type":"WebPage","@id":"https:\/\/slimbouwen.be\/fr\/methode\/","url":"https:\/\/slimbouwen.be\/fr\/methode\/","name":"m\u00e9thode - Slimbouwen.be","isPartOf":{"@id":"https:\/\/slimbouwen.be\/fr\/#website"},"datePublished":"2024-02-09T08:57:29+00:00","dateModified":"2024-03-01T10:10:24+00:00","breadcrumb":{"@id":"https:\/\/slimbouwen.be\/fr\/methode\/#breadcrumb"},"inLanguage":"nl-NL","potentialAction":[{"@type":"ReadAction","target":["https:\/\/slimbouwen.be\/fr\/methode\/"]}]},{"@type":"BreadcrumbList","@id":"https:\/\/slimbouwen.be\/fr\/methode\/#breadcrumb","itemListElement":[{"@type":"ListItem","position":1,"name":"Home","item":"https:\/\/slimbouwen.be\/fr\/"},{"@type":"ListItem","position":2,"name":"m\u00e9thode"}]},{"@type":"WebSite","@id":"https:\/\/slimbouwen.be\/fr\/#website","url":"https:\/\/slimbouwen.be\/fr\/","name":"Slimbouwen.be","description":"Uw energiezuinige woning!","potentialAction":[{"@type":"SearchAction","target":{"@type":"EntryPoint","urlTemplate":"https:\/\/slimbouwen.be\/fr\/?s={search_term_string}"},"query-input":"required name=search_term_string"}],"inLanguage":"nl-NL"}]}},"_links":{"self":[{"href":"https:\/\/slimbouwen.be\/fr\/wp-json\/wp\/v2\/pages\/110","targetHints":{"allow":["GET"]}}],"collection":[{"href":"https:\/\/slimbouwen.be\/fr\/wp-json\/wp\/v2\/pages"}],"about":[{"href":"https:\/\/slimbouwen.be\/fr\/wp-json\/wp\/v2\/types\/page"}],"author":[{"embeddable":true,"href":"https:\/\/slimbouwen.be\/fr\/wp-json\/wp\/v2\/users\/2"}],"replies":[{"embeddable":true,"href":"https:\/\/slimbouwen.be\/fr\/wp-json\/wp\/v2\/comments?post=110"}],"version-history":[{"count":19,"href":"https:\/\/slimbouwen.be\/fr\/wp-json\/wp\/v2\/pages\/110\/revisions"}],"predecessor-version":[{"id":406,"href":"https:\/\/slimbouwen.be\/fr\/wp-json\/wp\/v2\/pages\/110\/revisions\/406"}],"wp:attachment":[{"href":"https:\/\/slimbouwen.be\/fr\/wp-json\/wp\/v2\/media?parent=110"}],"curies":[{"name":"wp","href":"https:\/\/api.w.org\/{rel}","templated":true}]}}