{"id":144,"date":"2024-02-09T13:44:31","date_gmt":"2024-02-09T13:44:31","guid":{"rendered":"https:\/\/slimbouwen.be\/fr\/?page_id=144"},"modified":"2024-02-27T18:34:15","modified_gmt":"2024-02-27T18:34:15","slug":"galerie","status":"publish","type":"page","link":"https:\/\/slimbouwen.be\/fr\/galerie\/","title":{"rendered":"Galerie"},"content":{"rendered":"\t<section class=\"section\" id=\"section_67675625\">\n\t\t<div class=\"bg section-bg fill bg-fill  \" >\n\n\t\t\t\n\t\t\t<div class=\"section-bg-overlay absolute fill\"><\/div>\n\t\t\t\n\t<div class=\"is-border\"\n\t\tstyle=\"border-color:rgb(33, 41, 52);border-width:0px 0px 0px 0px;\">\n\t<\/div>\n\n\t\t<\/div>\n\n\t\t\n\n\t\t<div class=\"section-content relative\">\n\t\t\t\n<div class=\"row\"  id=\"row-828305972\">\n\n\t<div id=\"col-2002833114\" class=\"col medium-7 small-12 large-7\"  >\n\t\t\t\t<div class=\"col-inner\" style=\"background-color:#002f6d;\" >\n\t\t\t\n\t\t\t\n\t<div id=\"text-4087184077\" class=\"text\">\n\t\t\n<h1><span style=\"font-size: 180%;\"><strong>Galerie<\/strong><\/span><\/h1>\n\t\t\n<style>\n#text-4087184077 {\n  font-size: 0.8rem;\n  color: rgb(255, 255, 255);\n}\n#text-4087184077 > * {\n  color: rgb(255, 255, 255);\n}\n<\/style>\n\t<\/div>\n\t\n<div class=\"is-divider divider clearfix\" style=\"max-width:130px;background-color:rgb(255, 146, 2);\"><\/div>\n\t\t<\/div>\n\t\t\t\t\t<\/div>\n\n\t\n\n<style>\n#row-828305972 > .col > .col-inner {\n  padding: 50px 0px 0px 0px;\n}\n<\/style>\n<\/div>\n<div class=\"row\"  id=\"row-1889849197\">\n<\/div>\n<div class=\"row\"  id=\"row-1440004392\">\n\n\t<div id=\"col-52026754\" class=\"col medium-3 small-6 large-3\"  data-animate=\"bounceInLeft\">\n\t\t\t\t<div class=\"col-inner text-center\" style=\"background-color:rgb(255,255,255);\" >\n\t\t\t\n\t\t\t\n\t<div class=\"box has-hover   has-hover box-text-bottom\" >\n\n\t\t<div class=\"box-image\" style=\"width:78%;\">\n\t\t\t\t\t\t<div class=\"image-cover\" style=\"padding-top:75%;\">\n\t\t\t\t<img loading=\"lazy\" decoding=\"async\" width=\"1570\" height=\"1047\" src=\"https:\/\/slimbouwen.be\/fr\/wp-content\/uploads\/2024\/02\/sendom_smart_druk_fot_czarnazebra5-1.png\" class=\"attachment- size-\" alt=\"\" srcset=\"https:\/\/slimbouwen.be\/fr\/wp-content\/uploads\/2024\/02\/sendom_smart_druk_fot_czarnazebra5-1.png 1570w, https:\/\/slimbouwen.be\/fr\/wp-content\/uploads\/2024\/02\/sendom_smart_druk_fot_czarnazebra5-1-300x200.png 300w, https:\/\/slimbouwen.be\/fr\/wp-content\/uploads\/2024\/02\/sendom_smart_druk_fot_czarnazebra5-1-1024x683.png 1024w, https:\/\/slimbouwen.be\/fr\/wp-content\/uploads\/2024\/02\/sendom_smart_druk_fot_czarnazebra5-1-768x512.png 768w, https:\/\/slimbouwen.be\/fr\/wp-content\/uploads\/2024\/02\/sendom_smart_druk_fot_czarnazebra5-1-1536x1024.png 1536w\" sizes=\"auto, (max-width: 1570px) 100vw, 1570px\" \/>\t\t\t\t<div class=\"overlay\" style=\"background-color:rgba(255, 255, 255, 0)\"><\/div>\t\t\t\t\t\t\t<\/div>\n\t\t\t\t\t<\/div>\n\n\t\t<div class=\"box-text text-center\" style=\"background-color:#ffffff;\">\n\t\t\t<div class=\"box-text-inner\">\n\t\t\t\t\n\t<div id=\"text-3330204430\" class=\"text\">\n\t\t\n<h4>Dehors<\/h4>\n\t\t\n<style>\n#text-3330204430 {\n  color: rgb(0, 0, 0);\n}\n#text-3330204430 > * {\n  color: rgb(0, 0, 0);\n}\n<\/style>\n\t<\/div>\n\t\n<a href=\"https:\/\/slimbouwen.be\/fr\/dehors\/\" class=\"button secondary lowercase\"  style=\"border-radius:10px;\">\n    <span>Regarder<\/span>\n  <i class=\"icon-angle-right\" aria-hidden=\"true\" ><\/i><\/a>\n\n\t\t\t<\/div>\n\t\t<\/div>\n\t<\/div>\n\t\n\t\t<\/div>\n\t\t\t\t\n<style>\n#col-52026754 > .col-inner {\n  padding: 28px 0px 0px 0px;\n  margin: 0px 0px 0px 0px;\n}\n<\/style>\n\t<\/div>\n\n\t\n\n\t<div id=\"col-1337908884\" class=\"col medium-3 small-6 large-3\"  data-animate=\"bounceInLeft\">\n\t\t\t\t<div class=\"col-inner text-center\" style=\"background-color:rgb(255,255,255);\" >\n\t\t\t\n\t\t\t\n\t<div class=\"box has-hover   has-hover box-text-bottom\" >\n\n\t\t<div class=\"box-image\" style=\"width:78%;\">\n\t\t\t\t\t\t<div class=\"image-cover\" style=\"padding-top:75%;\">\n\t\t\t\t<img loading=\"lazy\" decoding=\"async\" width=\"1600\" height=\"1200\" src=\"https:\/\/slimbouwen.be\/fr\/wp-content\/uploads\/2024\/02\/WhatsApp-Image-2024-02-20-at-14.09.03.jpeg\" class=\"attachment- size-\" alt=\"\" srcset=\"https:\/\/slimbouwen.be\/fr\/wp-content\/uploads\/2024\/02\/WhatsApp-Image-2024-02-20-at-14.09.03.jpeg 1600w, https:\/\/slimbouwen.be\/fr\/wp-content\/uploads\/2024\/02\/WhatsApp-Image-2024-02-20-at-14.09.03-300x225.jpeg 300w, https:\/\/slimbouwen.be\/fr\/wp-content\/uploads\/2024\/02\/WhatsApp-Image-2024-02-20-at-14.09.03-1024x768.jpeg 1024w, https:\/\/slimbouwen.be\/fr\/wp-content\/uploads\/2024\/02\/WhatsApp-Image-2024-02-20-at-14.09.03-768x576.jpeg 768w, https:\/\/slimbouwen.be\/fr\/wp-content\/uploads\/2024\/02\/WhatsApp-Image-2024-02-20-at-14.09.03-1536x1152.jpeg 1536w\" sizes=\"auto, (max-width: 1600px) 100vw, 1600px\" \/>\t\t\t\t\t\t\t\t\t\t\t<\/div>\n\t\t\t\t\t<\/div>\n\n\t\t<div class=\"box-text text-center\" >\n\t\t\t<div class=\"box-text-inner\">\n\t\t\t\t\n\t<div id=\"text-3237267647\" class=\"text\">\n\t\t\n<h4>\u00c0 l&#8217;int\u00e9rieur<\/h4>\n\t\t\n<style>\n#text-3237267647 {\n  color: rgb(0,0,0);\n}\n#text-3237267647 > * {\n  color: rgb(0,0,0);\n}\n<\/style>\n\t<\/div>\n\t\n<a href=\"https:\/\/slimbouwen.be\/fr\/a-linterieur\/\" class=\"button secondary lowercase\"  style=\"border-radius:10px;\">\n    <span>Regarder<\/span>\n  <i class=\"icon-angle-right\" aria-hidden=\"true\" ><\/i><\/a>\n\n\t\t\t<\/div>\n\t\t<\/div>\n\t<\/div>\n\t\n\t\t<\/div>\n\t\t\t\t\n<style>\n#col-1337908884 > .col-inner {\n  padding: 28px 0px 0px 0px;\n  margin: 0px 0px 0px 0px;\n}\n<\/style>\n\t<\/div>\n\n\t\n\n\t<div id=\"col-800438736\" class=\"col medium-3 small-6 large-3\"  data-animate=\"bounceInLeft\">\n\t\t\t\t<div class=\"col-inner text-center\" style=\"background-color:rgb(255,255,255);\" >\n\t\t\t\n\t\t\t\n\t<div class=\"box has-hover   has-hover box-text-bottom\" >\n\n\t\t<div class=\"box-image\" style=\"width:78%;\">\n\t\t\t\t\t\t<div class=\"image-cover\" style=\"padding-top:75%;\">\n\t\t\t\t<img loading=\"lazy\" decoding=\"async\" width=\"1468\" height=\"1226\" src=\"https:\/\/slimbouwen.be\/fr\/wp-content\/uploads\/2024\/02\/Scherm\u00adafbeelding-2024-02-09-om-14.50.52.png\" class=\"attachment- size-\" alt=\"\" srcset=\"https:\/\/slimbouwen.be\/fr\/wp-content\/uploads\/2024\/02\/Scherm\u00adafbeelding-2024-02-09-om-14.50.52.png 1468w, https:\/\/slimbouwen.be\/fr\/wp-content\/uploads\/2024\/02\/Scherm\u00adafbeelding-2024-02-09-om-14.50.52-300x251.png 300w, https:\/\/slimbouwen.be\/fr\/wp-content\/uploads\/2024\/02\/Scherm\u00adafbeelding-2024-02-09-om-14.50.52-1024x855.png 1024w, https:\/\/slimbouwen.be\/fr\/wp-content\/uploads\/2024\/02\/Scherm\u00adafbeelding-2024-02-09-om-14.50.52-768x641.png 768w\" sizes=\"auto, (max-width: 1468px) 100vw, 1468px\" \/>\t\t\t\t\t\t\t\t\t\t\t<\/div>\n\t\t\t\t\t<\/div>\n\n\t\t<div class=\"box-text text-center\" >\n\t\t\t<div class=\"box-text-inner\">\n\t\t\t\t\n\t<div id=\"text-3623729804\" class=\"text\">\n\t\t\n<h4>Carte<\/h4>\n\t\t\n<style>\n#text-3623729804 {\n  color: rgb(0,0,0);\n}\n#text-3623729804 > * {\n  color: rgb(0,0,0);\n}\n<\/style>\n\t<\/div>\n\t\n<a href=\"https:\/\/slimbouwen.be\/fr\/carte\/\" class=\"button secondary lowercase\"  style=\"border-radius:10px;\">\n    <span>Regarder<\/span>\n  <i class=\"icon-angle-right\" aria-hidden=\"true\" ><\/i><\/a>\n\n\t\t\t<\/div>\n\t\t<\/div>\n\t<\/div>\n\t\n\t\t<\/div>\n\t\t\t\t\n<style>\n#col-800438736 > .col-inner {\n  padding: 28px 0px 0px 0px;\n  margin: 0px 0px 0px 0px;\n}\n<\/style>\n\t<\/div>\n\n\t\n\n\t<div id=\"col-1934268956\" class=\"col medium-3 small-6 large-3\"  data-animate=\"bounceInLeft\">\n\t\t\t\t<div class=\"col-inner text-center\" style=\"background-color:rgb(255,255,255);\" >\n\t\t\t\n\t\t\t\n\t<div class=\"box has-hover   has-hover box-text-bottom\" >\n\n\t\t<div class=\"box-image\" style=\"width:78%;\">\n\t\t\t\t\t\t<div class=\"image-cover\" style=\"padding-top:75%;\">\n\t\t\t\t<img decoding=\"async\" src=\"https:\/\/slimbouwen.be\/fr\/wp-content\/uploads\/2024\/02\/1-1.svg\" class=\"attachment- size-\" alt=\"\" \/>\t\t\t\t\t\t\t\t\t\t\t<\/div>\n\t\t\t\t\t<\/div>\n\n\t\t<div class=\"box-text text-center\" >\n\t\t\t<div class=\"box-text-inner\">\n\t\t\t\t\n\t<div id=\"text-694226973\" class=\"text\">\n\t\t\n<h4>Autre<\/h4>\n\t\t\n<style>\n#text-694226973 {\n  color: rgb(0,0,0);\n}\n#text-694226973 > * {\n  color: rgb(0,0,0);\n}\n<\/style>\n\t<\/div>\n\t\n<a href=\"https:\/\/slimbouwen.be\/fr\/autre\/\" class=\"button secondary lowercase\"  style=\"border-radius:10px;\">\n    <span>Regarder<\/span>\n  <i class=\"icon-angle-right\" aria-hidden=\"true\" ><\/i><\/a>\n\n\t\t\t<\/div>\n\t\t<\/div>\n\t<\/div>\n\t\n\t\t<\/div>\n\t\t\t\t\n<style>\n#col-1934268956 > .col-inner {\n  padding: 28px 0px 0px 0px;\n  margin: 0px 0px 0px 0px;\n}\n<\/style>\n\t<\/div>\n\n\t\n\n\t<div id=\"col-1568866214\" class=\"col small-12 large-12\"  data-animate=\"bounceInLeft\">\n\t\t\t\t<div class=\"col-inner text-center\"  >\n\t\t\t\n\t\t\t\n\t<div id=\"text-1743160508\" class=\"text\">\n\t\t\n<p><strong>D\u00e9couvrez la combinaison parfaite de confort et de durabilit\u00e9 avec notre maison \u00e9conome en \u00e9nergie. Avec des mat\u00e9riaux soigneusement s\u00e9lectionn\u00e9s et des techniques de construction avanc\u00e9es, nous vous proposons une maison non seulement respectueuse de l&#8217;environnement, mais aussi de votre portefeuille. Profitez d\u2019une chaleur naturelle et d\u2019un climat int\u00e9rieur sain tout en r\u00e9duisant votre empreinte \u00e9cologique. Choisissez un style de vie tourn\u00e9 vers l&#8217;avenir et d\u00e9couvrez la diff\u00e9rence avec notre maison \u00e9conome en \u00e9nergie de slimbouwen.be <\/strong><\/p>\n\t\t\n<style>\n#text-1743160508 {\n  color: rgb(255, 255, 255);\n}\n#text-1743160508 > * {\n  color: rgb(255, 255, 255);\n}\n<\/style>\n\t<\/div>\n\t\n\t\t<\/div>\n\t\t\t\t\n<style>\n#col-1568866214 > .col-inner {\n  padding: 28px 50px 0px 50px;\n}\n<\/style>\n\t<\/div>\n\n\t\n\n<style>\n#row-1440004392 > .col > .col-inner {\n  background-color: #002f6d;\n}\n<\/style>\n<\/div>\n\t\t<\/div>\n\n\t\t\n<style>\n#section_67675625 {\n  padding-top: 0px;\n  padding-bottom: 0px;\n  background-color: #002f6d;\n}\n#section_67675625 .section-bg-overlay {\n  background-color: #012f6d;\n}\n#section_67675625 .section-bg.bg-loaded {\n  background-image: 476;\n}\n#section_67675625 .section-bg {\n  background-position: 35% 40%;\n}\n<\/style>\n\t<\/section>\n\t\n\t<section class=\"section\" id=\"section_2108218890\">\n\t\t<div class=\"bg section-bg fill bg-fill  bg-loaded\" >\n\n\t\t\t\n\t\t\t\n\t\t\t\n\n\t\t<\/div>\n\n\t\t\n\n\t\t<div class=\"section-content relative\">\n\t\t\t\n<div class=\"row\"  id=\"row-2125144261\">\n\n\t<div id=\"col-1859558607\" class=\"col small-12 large-12\"  >\n\t\t\t\t<div class=\"col-inner\"  >\n\t\t\t\n\t\t\t\n\t<div id=\"text-2370832693\" class=\"text\">\n\t\t\n<h2 style=\"text-align: center;\">Plus d&#8217;information?<\/h2>\n<p style=\"text-align: center;\">Veuillez remplir le formulaire et nous vous contacterons dans les plus brefs d\u00e9lais.<\/p>\n\t\t\n<style>\n#text-2370832693 {\n  color: #002f6d;\n}\n#text-2370832693 > * {\n  color: #002f6d;\n}\n<\/style>\n\t<\/div>\n\t\n\n<div class=\"wpcf7 no-js\" id=\"wpcf7-f256-o1\" lang=\"nl-NL\" dir=\"ltr\">\n<div class=\"screen-reader-response\"><p role=\"status\" aria-live=\"polite\" aria-atomic=\"true\"><\/p> <ul><\/ul><\/div>\n<form action=\"\/fr\/wp-json\/wp\/v2\/pages\/144#wpcf7-f256-o1\" method=\"post\" class=\"wpcf7-form init\" aria-label=\"Contactformulier\" novalidate=\"novalidate\" data-status=\"init\">\n<div style=\"display: none;\">\n<input type=\"hidden\" name=\"_wpcf7\" value=\"256\" \/>\n<input type=\"hidden\" name=\"_wpcf7_version\" value=\"5.9\" \/>\n<input type=\"hidden\" name=\"_wpcf7_locale\" value=\"nl_NL\" \/>\n<input type=\"hidden\" name=\"_wpcf7_unit_tag\" value=\"wpcf7-f256-o1\" \/>\n<input type=\"hidden\" name=\"_wpcf7_container_post\" value=\"0\" \/>\n<input type=\"hidden\" name=\"_wpcf7_posted_data_hash\" value=\"\" \/>\n<\/div>\n<p><label> Votre nom<br \/>\n<span class=\"wpcf7-form-control-wrap\" data-name=\"your-name\"><input size=\"40\" class=\"wpcf7-form-control wpcf7-text wpcf7-validates-as-required\" autocomplete=\"name\" aria-required=\"true\" aria-invalid=\"false\" value=\"\" type=\"text\" name=\"your-name\" \/><\/span> <\/label>\n<\/p>\n<p><label> Votre adresse e-mail<br \/>\n<span class=\"wpcf7-form-control-wrap\" data-name=\"your-email\"><input size=\"40\" class=\"wpcf7-form-control wpcf7-email wpcf7-validates-as-required wpcf7-text wpcf7-validates-as-email\" autocomplete=\"email\" aria-required=\"true\" aria-invalid=\"false\" value=\"\" type=\"email\" name=\"your-email\" \/><\/span> <\/label>\n<\/p>\n<p><label> Sujet<br \/>\n<span class=\"wpcf7-form-control-wrap\" data-name=\"your-subject\"><input size=\"40\" class=\"wpcf7-form-control wpcf7-text wpcf7-validates-as-required\" aria-required=\"true\" aria-invalid=\"false\" value=\"\" type=\"text\" name=\"your-subject\" \/><\/span> <\/label>\n<\/p>\n<p><label> Votre message<br \/>\n<span class=\"wpcf7-form-control-wrap\" data-name=\"your-message\"><textarea cols=\"40\" rows=\"10\" class=\"wpcf7-form-control wpcf7-textarea\" aria-invalid=\"false\" name=\"your-message\"><\/textarea><\/span> <\/label>\n<\/p>\n<p><input class=\"wpcf7-form-control wpcf7-submit has-spinner\" type=\"submit\" value=\"Exp\u00e9dier\" \/>\n<\/p><div class=\"wpcf7-response-output\" aria-hidden=\"true\"><\/div>\n<\/form>\n<\/div>\n\n\t\t<\/div>\n\t\t\t\t\t<\/div>\n\n\t\n<\/div>\n\t\t<\/div>\n\n\t\t\n<style>\n#section_2108218890 {\n  padding-top: 30px;\n  padding-bottom: 30px;\n  background-color: rgb(255,255,255);\n}\n<\/style>\n\t<\/section>\n\t\n","protected":false},"excerpt":{"rendered":"","protected":false},"author":2,"featured_media":0,"parent":0,"menu_order":0,"comment_status":"closed","ping_status":"closed","template":"","meta":{"footnotes":""},"class_list":["post-144","page","type-page","status-publish","hentry"],"yoast_head":"<!-- This site is optimized with the Yoast SEO plugin v22.0 - https:\/\/yoast.com\/wordpress\/plugins\/seo\/ -->\n<title>Galerie - Slimbouwen.be<\/title>\n<meta name=\"robots\" content=\"index, follow, max-snippet:-1, max-image-preview:large, max-video-preview:-1\" \/>\n<link rel=\"canonical\" href=\"https:\/\/slimbouwen.be\/fr\/galerie\/\" \/>\n<meta property=\"og:locale\" content=\"nl_NL\" \/>\n<meta property=\"og:type\" content=\"article\" \/>\n<meta property=\"og:title\" content=\"Galerie - Slimbouwen.be\" \/>\n<meta property=\"og:url\" content=\"https:\/\/slimbouwen.be\/fr\/galerie\/\" \/>\n<meta property=\"og:site_name\" content=\"Slimbouwen.be\" \/>\n<meta property=\"article:modified_time\" content=\"2024-02-27T18:34:15+00:00\" \/>\n<meta name=\"twitter:card\" content=\"summary_large_image\" \/>\n<meta name=\"twitter:label1\" content=\"Geschatte leestijd\" \/>\n\t<meta name=\"twitter:data1\" content=\"2 minuten\" \/>\n<script type=\"application\/ld+json\" class=\"yoast-schema-graph\">{\"@context\":\"https:\/\/schema.org\",\"@graph\":[{\"@type\":\"WebPage\",\"@id\":\"https:\/\/slimbouwen.be\/fr\/galerie\/\",\"url\":\"https:\/\/slimbouwen.be\/fr\/galerie\/\",\"name\":\"Galerie - Slimbouwen.be\",\"isPartOf\":{\"@id\":\"https:\/\/slimbouwen.be\/fr\/#website\"},\"datePublished\":\"2024-02-09T13:44:31+00:00\",\"dateModified\":\"2024-02-27T18:34:15+00:00\",\"breadcrumb\":{\"@id\":\"https:\/\/slimbouwen.be\/fr\/galerie\/#breadcrumb\"},\"inLanguage\":\"nl-NL\",\"potentialAction\":[{\"@type\":\"ReadAction\",\"target\":[\"https:\/\/slimbouwen.be\/fr\/galerie\/\"]}]},{\"@type\":\"BreadcrumbList\",\"@id\":\"https:\/\/slimbouwen.be\/fr\/galerie\/#breadcrumb\",\"itemListElement\":[{\"@type\":\"ListItem\",\"position\":1,\"name\":\"Home\",\"item\":\"https:\/\/slimbouwen.be\/fr\/\"},{\"@type\":\"ListItem\",\"position\":2,\"name\":\"Galerie\"}]},{\"@type\":\"WebSite\",\"@id\":\"https:\/\/slimbouwen.be\/fr\/#website\",\"url\":\"https:\/\/slimbouwen.be\/fr\/\",\"name\":\"Slimbouwen.be\",\"description\":\"Uw energiezuinige woning!\",\"potentialAction\":[{\"@type\":\"SearchAction\",\"target\":{\"@type\":\"EntryPoint\",\"urlTemplate\":\"https:\/\/slimbouwen.be\/fr\/?s={search_term_string}\"},\"query-input\":\"required name=search_term_string\"}],\"inLanguage\":\"nl-NL\"}]}<\/script>\n<!-- \/ Yoast SEO plugin. -->","yoast_head_json":{"title":"Galerie - Slimbouwen.be","robots":{"index":"index","follow":"follow","max-snippet":"max-snippet:-1","max-image-preview":"max-image-preview:large","max-video-preview":"max-video-preview:-1"},"canonical":"https:\/\/slimbouwen.be\/fr\/galerie\/","og_locale":"nl_NL","og_type":"article","og_title":"Galerie - Slimbouwen.be","og_url":"https:\/\/slimbouwen.be\/fr\/galerie\/","og_site_name":"Slimbouwen.be","article_modified_time":"2024-02-27T18:34:15+00:00","twitter_card":"summary_large_image","twitter_misc":{"Geschatte leestijd":"2 minuten"},"schema":{"@context":"https:\/\/schema.org","@graph":[{"@type":"WebPage","@id":"https:\/\/slimbouwen.be\/fr\/galerie\/","url":"https:\/\/slimbouwen.be\/fr\/galerie\/","name":"Galerie - Slimbouwen.be","isPartOf":{"@id":"https:\/\/slimbouwen.be\/fr\/#website"},"datePublished":"2024-02-09T13:44:31+00:00","dateModified":"2024-02-27T18:34:15+00:00","breadcrumb":{"@id":"https:\/\/slimbouwen.be\/fr\/galerie\/#breadcrumb"},"inLanguage":"nl-NL","potentialAction":[{"@type":"ReadAction","target":["https:\/\/slimbouwen.be\/fr\/galerie\/"]}]},{"@type":"BreadcrumbList","@id":"https:\/\/slimbouwen.be\/fr\/galerie\/#breadcrumb","itemListElement":[{"@type":"ListItem","position":1,"name":"Home","item":"https:\/\/slimbouwen.be\/fr\/"},{"@type":"ListItem","position":2,"name":"Galerie"}]},{"@type":"WebSite","@id":"https:\/\/slimbouwen.be\/fr\/#website","url":"https:\/\/slimbouwen.be\/fr\/","name":"Slimbouwen.be","description":"Uw energiezuinige woning!","potentialAction":[{"@type":"SearchAction","target":{"@type":"EntryPoint","urlTemplate":"https:\/\/slimbouwen.be\/fr\/?s={search_term_string}"},"query-input":"required name=search_term_string"}],"inLanguage":"nl-NL"}]}},"_links":{"self":[{"href":"https:\/\/slimbouwen.be\/fr\/wp-json\/wp\/v2\/pages\/144","targetHints":{"allow":["GET"]}}],"collection":[{"href":"https:\/\/slimbouwen.be\/fr\/wp-json\/wp\/v2\/pages"}],"about":[{"href":"https:\/\/slimbouwen.be\/fr\/wp-json\/wp\/v2\/types\/page"}],"author":[{"embeddable":true,"href":"https:\/\/slimbouwen.be\/fr\/wp-json\/wp\/v2\/users\/2"}],"replies":[{"embeddable":true,"href":"https:\/\/slimbouwen.be\/fr\/wp-json\/wp\/v2\/comments?post=144"}],"version-history":[{"count":28,"href":"https:\/\/slimbouwen.be\/fr\/wp-json\/wp\/v2\/pages\/144\/revisions"}],"predecessor-version":[{"id":389,"href":"https:\/\/slimbouwen.be\/fr\/wp-json\/wp\/v2\/pages\/144\/revisions\/389"}],"wp:attachment":[{"href":"https:\/\/slimbouwen.be\/fr\/wp-json\/wp\/v2\/media?parent=144"}],"curies":[{"name":"wp","href":"https:\/\/api.w.org\/{rel}","templated":true}]}}